{"id":82,"date":"2012-06-02T14:39:24","date_gmt":"2012-06-02T14:39:24","guid":{"rendered":"http:\/\/www.lifescience-edition.de\/?page_id=82"},"modified":"2022-01-25T11:02:54","modified_gmt":"2022-01-25T11:02:54","slug":"pressemitteilungen","status":"publish","type":"page","link":"https:\/\/lifescience-edition.de\/en\/aktuelles\/pressemitteilungen\/","title":{"rendered":"News"},"content":{"rendered":"<p>Please find below our latest press releases on KMmaster Life Science Edition and related topics. <strong>2011<\/strong> <strong> <a href=\"http:\/\/lifescience-edition.de\/wp-content\/uploads\/2011\/05\/pb_pta_PressemeldungKMmasterLSE-Celltrend_en_r.pdf\" target=\"_blank\" rel=\"noopener\">Press release KMmaster Life Science Edition chosen by CellTrend<\/a><\/strong> CellTrend GmbH chooses KMmaster Life Science Edition with qualified electronic signature from Pumacy Technologies AG. <strong><a href=\"http:\/\/lifescience-edition.de\/wp-content\/uploads\/2011\/05\/pb_psg_Pressemeldung_QMZertifizierungDQS_en_r.pdf\" target=\"_blank\" rel=\"noopener\">Press release Pumacy Systems achieves DIN ISO 9001 certification<\/a><\/strong> Pumacy Systems GmbH software development certified by Deutsche Gesellschaft zur Zertifizierung von Managementsystemen (DQS). &nbsp; <strong>2010 <\/strong> <strong><a href=\"http:\/\/lifescience-edition.de\/wp-content\/uploads\/2011\/05\/pb_pta_PressemeldungProFIT-BIOsecure_en_r.pdf\" target=\"_blank\" rel=\"noopener\">Press release on the occasion of ProFIT-BIOsecure<\/a><\/strong> Pumacy entwickelt mit der KMmaster\u00ae Life Science Edition eine Branchenl\u00f6sung f\u00fcr die Qualit\u00e4tssicherung in der Biotechnologie- und Pharmaindustrie <strong><a href=\"http:\/\/lifescience-edition.de\/wp-content\/uploads\/2011\/05\/pb_pta_Pressemeldung_QMZertifizierungDQS_en_r.pdf\" target=\"_blank\" rel=\"noopener\">Press release Pumacy achieves ISO 9001 certification<\/a><\/strong> ISO 9001 certification of Pumacy\u2019s quality management system by Deutsche Gesellschaft zur Zertifizierung von Managementsystemen (DQS) provides an assurance of quality in the provision of services. <strong><a href=\"http:\/\/lifescience-edition.de\/wp-content\/uploads\/2011\/05\/pb_pta_PressemeldungKMmasterLSE-BCBB_en_r.pdf\" target=\"_blank\" rel=\"noopener\">Press release KMmaster Life Science Edition selected by BCBB<\/a><\/strong> KMmaster\u00ae Life Science Edition to improve quality assurance at BlisterCentrum Berlin-Brandenburg. &nbsp; <strong>2008 <\/strong> <strong><a href=\"http:\/\/lifescience-edition.de\/wp-content\/uploads\/2011\/05\/pb_pta_PressemeldungKMM-LSE_0102_en_r.pdf\" target=\"_blank\" rel=\"noopener\">Press release KMmaster Life Science Edition<\/a><\/strong> With the release of the KMmaster Life Science Edition, Pumacy Technologies AG unveils a knowledge management platform helping pharmaceutical and biotech companies to streamline their quality processes. Back to <a title=\"Informationen and News\" href=\"http:\/\/lifescience-edition.de\/aktuelles\/pressemitteilungen\/\">Information and News<\/a><\/p>\n<p><\/p>","protected":false},"excerpt":{"rendered":"<p>Please find below our latest press releases on KMmaster Life Science Edition and related topics. 2011 Press release KMmaster Life Science Edition chosen by CellTrend CellTrend GmbH chooses KMmaster Life Science Edition with qualified electronic signature from Pumacy Technologies AG. Press release Pumacy Systems achieves DIN ISO 9001 certification Pumacy Systems GmbH software development certified [&hellip;]<\/p>\n","protected":false},"author":10,"featured_media":0,"parent":49,"menu_order":0,"comment_status":"open","ping_status":"open","template":"","meta":{"footnotes":""},"_links":{"self":[{"href":"https:\/\/lifescience-edition.de\/en\/wp-json\/wp\/v2\/pages\/82"}],"collection":[{"href":"https:\/\/lifescience-edition.de\/en\/wp-json\/wp\/v2\/pages"}],"about":[{"href":"https:\/\/lifescience-edition.de\/en\/wp-json\/wp\/v2\/types\/page"}],"author":[{"embeddable":true,"href":"https:\/\/lifescience-edition.de\/en\/wp-json\/wp\/v2\/users\/10"}],"replies":[{"embeddable":true,"href":"https:\/\/lifescience-edition.de\/en\/wp-json\/wp\/v2\/comments?post=82"}],"version-history":[{"count":36,"href":"https:\/\/lifescience-edition.de\/en\/wp-json\/wp\/v2\/pages\/82\/revisions"}],"predecessor-version":[{"id":1216,"href":"https:\/\/lifescience-edition.de\/en\/wp-json\/wp\/v2\/pages\/82\/revisions\/1216"}],"up":[{"embeddable":true,"href":"https:\/\/lifescience-edition.de\/en\/wp-json\/wp\/v2\/pages\/49"}],"wp:attachment":[{"href":"https:\/\/lifescience-edition.de\/en\/wp-json\/wp\/v2\/media?parent=82"}],"curies":[{"name":"wp","href":"https:\/\/api.w.org\/{rel}","templated":true}]}}